{"id":2421,"date":"2019-08-26T09:37:56","date_gmt":"2019-08-26T07:37:56","guid":{"rendered":"http:\/\/tarantosbarcelona.masimasfestival.com\/lloguer-de-sala\/"},"modified":"2025-09-16T12:35:22","modified_gmt":"2025-09-16T10:35:22","slug":"alquiler-de-sala","status":"publish","type":"page","link":"https:\/\/tarantosbarcelona.com\/es\/alquiler-de-sala\/","title":{"rendered":"Alquiler de sala"},"content":{"rendered":"\t\t<div data-elementor-type=\"wp-post\" data-elementor-id=\"2421\" class=\"elementor elementor-2421 elementor-2417\" data-elementor-post-type=\"page\">\n\t\t\t\t\t\t<section class=\"has_ae_slider elementor-section elementor-top-section elementor-element elementor-element-c3740c4 elementor-section-height-min-height elementor-section-boxed elementor-section-height-default elementor-section-items-middle ae-bg-gallery-type-default\" data-id=\"c3740c4\" data-element_type=\"section\" data-e-type=\"section\" data-settings=\"{&quot;background_background&quot;:&quot;classic&quot;}\">\n\t\t\t\t\t\t<div class=\"elementor-container elementor-column-gap-default\">\n\t\t\t\t\t<div class=\"has_ae_slider elementor-column elementor-col-100 elementor-top-column elementor-element elementor-element-b8e0437 ae-bg-gallery-type-default\" data-id=\"b8e0437\" data-element_type=\"column\" data-e-type=\"column\">\n\t\t\t<div class=\"elementor-widget-wrap elementor-element-populated\">\n\t\t\t\t\t\t<div class=\"elementor-element elementor-element-3792f69 pp-dual-heading-inline elementor-widget elementor-widget-pp-dual-heading\" data-id=\"3792f69\" data-element_type=\"widget\" data-e-type=\"widget\" data-widget_type=\"pp-dual-heading.default\">\n\t\t\t\t<div class=\"elementor-widget-container\">\n\t\t\t\t\t<h2 class=\"pp-dual-heading\"><span class=\"pp-first-text\">ALQUILER DE SALA Y EVENTOS PRIVADOS\n<\/span><\/h2>\t\t\t\t<\/div>\n\t\t\t\t<\/div>\n\t\t\t\t<div class=\"elementor-element elementor-element-633335d elementor-widget elementor-widget-spacer\" data-id=\"633335d\" data-element_type=\"widget\" data-e-type=\"widget\" data-widget_type=\"spacer.default\">\n\t\t\t\t<div class=\"elementor-widget-container\">\n\t\t\t\t\t\t\t<div class=\"elementor-spacer\">\n\t\t\t<div class=\"elementor-spacer-inner\"><\/div>\n\t\t<\/div>\n\t\t\t\t\t\t<\/div>\n\t\t\t\t<\/div>\n\t\t\t\t<div class=\"elementor-element elementor-element-7839ce5 elementor-widget elementor-widget-heading\" data-id=\"7839ce5\" data-element_type=\"widget\" data-e-type=\"widget\" data-widget_type=\"heading.default\">\n\t\t\t\t<div class=\"elementor-widget-container\">\n\t\t\t\t\t<h2 class=\"elementor-heading-title elementor-size-default\">\u00a1Alquila la sala para eventos privados o conciertos!\n<\/h2>\t\t\t\t<\/div>\n\t\t\t\t<\/div>\n\t\t\t\t\t<\/div>\n\t\t<\/div>\n\t\t\t\t\t<\/div>\n\t\t<\/section>\n\t\t\t\t<section class=\"has_ae_slider elementor-section elementor-top-section elementor-element elementor-element-1fb8c86 elementor-section-boxed elementor-section-height-default elementor-section-height-default ae-bg-gallery-type-default\" data-id=\"1fb8c86\" data-element_type=\"section\" data-e-type=\"section\">\n\t\t\t\t\t\t<div class=\"elementor-container elementor-column-gap-default\">\n\t\t\t\t\t<div class=\"has_ae_slider elementor-column elementor-col-100 elementor-top-column elementor-element elementor-element-7257d6d ae-bg-gallery-type-default\" data-id=\"7257d6d\" data-element_type=\"column\" data-e-type=\"column\">\n\t\t\t<div class=\"elementor-widget-wrap elementor-element-populated\">\n\t\t\t\t\t\t<div class=\"elementor-element elementor-element-871b7ff elementor-widget elementor-widget-text-editor\" data-id=\"871b7ff\" data-element_type=\"widget\" data-e-type=\"widget\" data-widget_type=\"text-editor.default\">\n\t\t\t\t<div class=\"elementor-widget-container\">\n\t\t\t\t\t\t\t\t\t<h2 style=\"text-align: center;\"><b>LOS TARANTOS<\/b><\/h2>\t\t\t\t\t\t\t\t<\/div>\n\t\t\t\t<\/div>\n\t\t\t\t\t<\/div>\n\t\t<\/div>\n\t\t\t\t\t<\/div>\n\t\t<\/section>\n\t\t\t\t<section class=\"has_ae_slider elementor-section elementor-top-section elementor-element elementor-element-ab2f15b elementor-section-boxed elementor-section-height-default elementor-section-height-default ae-bg-gallery-type-default\" data-id=\"ab2f15b\" data-element_type=\"section\" data-e-type=\"section\">\n\t\t\t\t\t\t<div class=\"elementor-container elementor-column-gap-default\">\n\t\t\t\t\t<div class=\"has_ae_slider elementor-column elementor-col-50 elementor-top-column elementor-element elementor-element-ad112cc ae-bg-gallery-type-default\" data-id=\"ad112cc\" data-element_type=\"column\" data-e-type=\"column\">\n\t\t\t<div class=\"elementor-widget-wrap elementor-element-populated\">\n\t\t\t\t\t\t<section class=\"has_ae_slider elementor-section elementor-inner-section elementor-element elementor-element-7f0435f elementor-section-boxed elementor-section-height-default elementor-section-height-default ae-bg-gallery-type-default\" data-id=\"7f0435f\" data-element_type=\"section\" data-e-type=\"section\">\n\t\t\t\t\t\t<div class=\"elementor-container elementor-column-gap-default\">\n\t\t\t\t\t<div class=\"has_ae_slider elementor-column elementor-col-100 elementor-inner-column elementor-element elementor-element-8218142 ae-bg-gallery-type-default\" data-id=\"8218142\" data-element_type=\"column\" data-e-type=\"column\">\n\t\t\t<div class=\"elementor-widget-wrap elementor-element-populated\">\n\t\t\t\t\t\t<div class=\"elementor-element elementor-element-2608347 elementor-widget-divider--view-line elementor-widget elementor-widget-divider\" data-id=\"2608347\" data-element_type=\"widget\" data-e-type=\"widget\" data-widget_type=\"divider.default\">\n\t\t\t\t<div class=\"elementor-widget-container\">\n\t\t\t\t\t\t\t<div class=\"elementor-divider\">\n\t\t\t<span class=\"elementor-divider-separator\">\n\t\t\t\t\t\t<\/span>\n\t\t<\/div>\n\t\t\t\t\t\t<\/div>\n\t\t\t\t<\/div>\n\t\t\t\t<div class=\"elementor-element elementor-element-e4ccd9a e-transform elementor-widget elementor-widget-text-editor\" data-id=\"e4ccd9a\" data-element_type=\"widget\" data-e-type=\"widget\" data-settings=\"{&quot;_transform_translateX_effect&quot;:{&quot;unit&quot;:&quot;px&quot;,&quot;size&quot;:&quot;&quot;,&quot;sizes&quot;:[]},&quot;_transform_translateX_effect_tablet&quot;:{&quot;unit&quot;:&quot;px&quot;,&quot;size&quot;:&quot;&quot;,&quot;sizes&quot;:[]},&quot;_transform_translateX_effect_mobile&quot;:{&quot;unit&quot;:&quot;px&quot;,&quot;size&quot;:&quot;&quot;,&quot;sizes&quot;:[]},&quot;_transform_translateY_effect&quot;:{&quot;unit&quot;:&quot;px&quot;,&quot;size&quot;:&quot;&quot;,&quot;sizes&quot;:[]},&quot;_transform_translateY_effect_tablet&quot;:{&quot;unit&quot;:&quot;px&quot;,&quot;size&quot;:&quot;&quot;,&quot;sizes&quot;:[]},&quot;_transform_translateY_effect_mobile&quot;:{&quot;unit&quot;:&quot;px&quot;,&quot;size&quot;:&quot;&quot;,&quot;sizes&quot;:[]}}\" data-widget_type=\"text-editor.default\">\n\t\t\t\t<div class=\"elementor-widget-container\">\n\t\t\t\t\t\t\t\t\t<p><img decoding=\"async\" class=\"\" src=\"https:\/\/jamboreejazz.com\/wp-content\/uploads\/sites\/2\/2023\/08\/vector-simple-stick-man-stickman-soporte-aislado-blanco-9834-3071.png\" alt=\"\" width=\"21\" height=\"32\" \/>\u00a0 220\u00a0 \u00a0 \u00a0 \u00a0 \u00a0 \u00a0 \u00a0 \u00a0 \u00a0 \u00a0 \u00a0 \u00a0 \u00a0 \u00a0 \u00a0 \u00a0 \u00a0 \u00a0 \u00a0<img decoding=\"async\" class=\"alignnone wp-image-107534\" src=\"https:\/\/jamboreejazz.com\/wp-content\/uploads\/sites\/2\/2023\/08\/silal.jpg\" alt=\"\" width=\"40\" height=\"32\" \/>120\u00a0 \u00a0 \u00a0 \u00a0 \u00a0 \u00a0 \u00a0 \u00a0 \u00a0 \u00a0 \u00a0 \u00a0 \u00a0 \u00a0 \u00a0 \u00a0 \u00a0 \u00a0 \u00a0<img decoding=\"async\" class=\"alignnone wp-image-107550\" src=\"https:\/\/jamboreejazz.com\/wp-content\/uploads\/sites\/2\/2023\/08\/m2-area-icon-vector-1.jpg\" alt=\"\" width=\"32\" height=\"32\" \/> 144<\/p>\t\t\t\t\t\t\t\t<\/div>\n\t\t\t\t<\/div>\n\t\t\t\t<div class=\"elementor-element elementor-element-f914c4a elementor-widget-divider--view-line elementor-widget elementor-widget-divider\" data-id=\"f914c4a\" data-element_type=\"widget\" data-e-type=\"widget\" data-widget_type=\"divider.default\">\n\t\t\t\t<div class=\"elementor-widget-container\">\n\t\t\t\t\t\t\t<div class=\"elementor-divider\">\n\t\t\t<span class=\"elementor-divider-separator\">\n\t\t\t\t\t\t<\/span>\n\t\t<\/div>\n\t\t\t\t\t\t<\/div>\n\t\t\t\t<\/div>\n\t\t\t\t<div class=\"elementor-element elementor-element-e3c46fd elementor-widget elementor-widget-text-editor\" data-id=\"e3c46fd\" data-element_type=\"widget\" data-e-type=\"widget\" data-widget_type=\"text-editor.default\">\n\t\t\t\t<div class=\"elementor-widget-container\">\n\t\t\t\t\t\t\t\t\t<p>Desde 2019, el tablao Tarantos, el m\u00e1s antiguo de Barcelona \u2014fundado en 1963\u2014, es tambi\u00e9n Jamboree \u2013 Sala 2, lugar que acoge propuestas de m\u00fasica latina y g\u00e9neros afines de \u00e1mbito local y de otros lugares . De hecho, es un referente de la cultura latina en la ciudad. En cuanto al Tarantos, garantiza a visitantes de todo el mundo un espect\u00e1culo de flamenco de alta calidad y con los mejores artistas del momento.<\/p><p>Situado a pie plano, conserva la decoraci\u00f3n, la calidez y la estructura esc\u00e9nica de los grandes tablaos. A su vez, dispone tambi\u00e9n de las condiciones adecuadas para convertirse en una gran pista de baile.<\/p><p>Horarios de alquiler: 22h \u2013 00:30h (viernes a s\u00e1bado)<\/p><p><span style=\"font-weight: bold;\">RIDER: \u00a0<\/span><strong><span style=\"color: #0000ff;\"><a style=\"color: #0000ff;\" href=\"https:\/\/docs.google.com\/spreadsheets\/d\/1q7dnAX5P1C10vhTgqZZ2lbeLCnvdbvdkIPj9fRw5BVg\/edit?usp=sharing\" target=\"_blank\" rel=\"noopener\">Sonido <\/a>\/ <a style=\"color: #0000ff;\" href=\"https:\/\/docs.google.com\/spreadsheets\/d\/14l-wfxp1XUXpekir7IzGkOW0ifcv0V6sqbnX0Iqmz2k\/edit#gid=0\" target=\"_blank\" rel=\"noopener\">Iluminaci\u00f3n<\/a><\/span><\/strong><\/p><p>\u00a0<\/p>\t\t\t\t\t\t\t\t<\/div>\n\t\t\t\t<\/div>\n\t\t\t\t\t<\/div>\n\t\t<\/div>\n\t\t\t\t\t<\/div>\n\t\t<\/section>\n\t\t\t\t\t<\/div>\n\t\t<\/div>\n\t\t\t\t<div class=\"has_ae_slider elementor-column elementor-col-50 elementor-top-column elementor-element elementor-element-9c4ca83 ae-bg-gallery-type-default\" data-id=\"9c4ca83\" data-element_type=\"column\" data-e-type=\"column\">\n\t\t\t<div class=\"elementor-widget-wrap elementor-element-populated\">\n\t\t\t\t\t\t<div class=\"elementor-element elementor-element-4300c8b elementor-widget elementor-widget-html\" data-id=\"4300c8b\" data-element_type=\"widget\" data-e-type=\"widget\" data-widget_type=\"html.default\">\n\t\t\t\t<div class=\"elementor-widget-container\">\n\t\t\t\t\t<iframe width=\"90%\" height=\"400px\" allowFullScreen=\"true\" allow=\"accelerometer; magnetometer; gyroscope\" style=\"display:block; margin:20px auto; border:0 none; max-width:880px;border-radius:8px; box-shadow: 0 1px 1px rgba(0,0,0,0.11),0 2px 2px rgba(0,0,0,0.11),0 4px 4px rgba(0,0,0,0.11),0 6px 8px rgba(0,0,0,0.11),0 8px 16px rgba(0,0,0,0.11);\" src=\"https:\/\/panoraven.com\/es\/embed\/mj575EJdUp\"><\/iframe>\t\t\t\t<\/div>\n\t\t\t\t<\/div>\n\t\t\t\t\t<\/div>\n\t\t<\/div>\n\t\t\t\t\t<\/div>\n\t\t<\/section>\n\t\t\t\t<section class=\"has_ae_slider elementor-section elementor-top-section elementor-element elementor-element-1cc381a elementor-section-boxed elementor-section-height-default elementor-section-height-default ae-bg-gallery-type-default\" data-id=\"1cc381a\" data-element_type=\"section\" data-e-type=\"section\">\n\t\t\t\t\t\t<div class=\"elementor-container elementor-column-gap-default\">\n\t\t\t\t\t<div class=\"has_ae_slider elementor-column elementor-col-100 elementor-top-column elementor-element elementor-element-bbbbb56 ae-bg-gallery-type-default\" data-id=\"bbbbb56\" data-element_type=\"column\" data-e-type=\"column\">\n\t\t\t<div class=\"elementor-widget-wrap elementor-element-populated\">\n\t\t\t\t\t\t<div class=\"elementor-element elementor-element-2eec752 elementor-widget elementor-widget-spacer\" data-id=\"2eec752\" data-element_type=\"widget\" data-e-type=\"widget\" data-widget_type=\"spacer.default\">\n\t\t\t\t<div class=\"elementor-widget-container\">\n\t\t\t\t\t\t\t<div class=\"elementor-spacer\">\n\t\t\t<div class=\"elementor-spacer-inner\"><\/div>\n\t\t<\/div>\n\t\t\t\t\t\t<\/div>\n\t\t\t\t<\/div>\n\t\t\t\t<div class=\"elementor-element elementor-element-58ecd5f elementor-widget elementor-widget-text-editor\" data-id=\"58ecd5f\" data-element_type=\"widget\" data-e-type=\"widget\" data-widget_type=\"text-editor.default\">\n\t\t\t\t<div class=\"elementor-widget-container\">\n\t\t\t\t\t\t\t\t\t<p class=\"p1\">Si quieres conocer m\u00e1s espacios del Grup Mas i Mas, en <strong><a href=\"https:\/\/jamboreejazz.com\/es\/jamboree-events\/\">Jamboree Events &#8211; Jamboree Jazz<\/a><\/strong> encontrar\u00e1s m\u00e1s informaci\u00f3n.<\/p><p class=\"p1\"><span class=\"s1\">Cont\u00e1ctanos:<\/span> <a style=\"color: red;\" href=\"mailto:in**@*****as.com\" data-original-string=\"S585WGKL8OmT1+0MCjWfYw==e3aHIHFh7rMIZgFzpL\/a4m6W7hiVnknWQ04HqkG9XT9KnU=\" title=\"Este contacto ha sido codificado por Anti-Spam by CleanTalk. Haz clic para decodificar. Para finalizar la decodificaci\u00f3n, aseg\u00farate de que JavaScript est\u00e1 activado en tu navegador.\"><span \n                data-original-string='gldYAzy5uzDC0oFlpWfUrA==e3a+kcwV20Sku6Ex4KuNnn2tDPlxiEWMFz2EBlcNld1ahg='\n                class='apbct-email-encoder'\n                title='Este contacto ha sido codificado por Anti-Spam by CleanTalk. Haz clic para decodificar. Para finalizar la decodificaci\u00f3n, aseg\u00farate de que JavaScript est\u00e1 activado en tu navegador.'>in<span class=\"apbct-blur\">**<\/span>@<span class=\"apbct-blur\">*****<\/span>as.com<\/span><\/a><\/p>\t\t\t\t\t\t\t\t<\/div>\n\t\t\t\t<\/div>\n\t\t\t\t\t<\/div>\n\t\t<\/div>\n\t\t\t\t\t<\/div>\n\t\t<\/section>\n\t\t\t\t<\/div>\n\t\t","protected":false},"excerpt":{"rendered":"<p>ALQUILER DE SALA Y EVENTOS PRIVADOS \u00a1Alquila la sala para eventos privados o conciertos! LOS TARANTOS \u00a0 220\u00a0 \u00a0 \u00a0 \u00a0 \u00a0 \u00a0 \u00a0 \u00a0 \u00a0 \u00a0 \u00a0 \u00a0 \u00a0 \u00a0 \u00a0 \u00a0 \u00a0 \u00a0 \u00a0120\u00a0 \u00a0 \u00a0 \u00a0 \u00a0 \u00a0 \u00a0 \u00a0 \u00a0 \u00a0 \u00a0 \u00a0 \u00a0 \u00a0 \u00a0 \u00a0 \u00a0 \u00a0 \u00a0 144 &hellip; <a href=\"https:\/\/tarantosbarcelona.com\/es\/alquiler-de-sala\/\">Continued<\/a><\/p>\n","protected":false},"author":3,"featured_media":0,"parent":0,"menu_order":0,"comment_status":"closed","ping_status":"closed","template":"","meta":{"_acf_changed":false,"inline_featured_image":false,"footnotes":""},"class_list":["post-2421","page","type-page","status-publish","hentry"],"acf":[],"yoast_head":"<!-- This site is optimized with the Yoast SEO plugin v27.2 - https:\/\/yoast.com\/product\/yoast-seo-wordpress\/ -->\n<title>Alquiler de sala - Los Tarantos<\/title>\n<meta name=\"description\" content=\"ALQUILER DE SALA Y EVENTOS PRIVADOS \u00a1Alquila la sala para eventos privados o conciertos! LOS TARANTOS \u00a0 220\u00a0 \u00a0 \u00a0 \u00a0 \u00a0 \u00a0 \u00a0 \u00a0 \u00a0 \u00a0 \u00a0 \u00a0 \u00a0 \u00a0 \u00a0 \u00a0 \u00a0 \u00a0 \u00a0120\u00a0 \u00a0 \u00a0 \u00a0\" \/>\n<meta name=\"robots\" content=\"index, follow, max-snippet:-1, max-image-preview:large, max-video-preview:-1\" \/>\n<link rel=\"canonical\" href=\"https:\/\/tarantosbarcelona.com\/es\/alquiler-de-sala\/\" \/>\n<meta property=\"og:locale\" content=\"es_ES\" \/>\n<meta property=\"og:type\" content=\"article\" \/>\n<meta property=\"og:title\" content=\"Alquiler de sala - Los Tarantos\" \/>\n<meta property=\"og:description\" content=\"ALQUILER DE SALA Y EVENTOS PRIVADOS \u00a1Alquila la sala para eventos privados o conciertos! LOS TARANTOS \u00a0 220\u00a0 \u00a0 \u00a0 \u00a0 \u00a0 \u00a0 \u00a0 \u00a0 \u00a0 \u00a0 \u00a0 \u00a0 \u00a0 \u00a0 \u00a0 \u00a0 \u00a0 \u00a0 \u00a0120\u00a0 \u00a0 \u00a0 \u00a0\" \/>\n<meta property=\"og:url\" content=\"https:\/\/tarantosbarcelona.com\/es\/alquiler-de-sala\/\" \/>\n<meta property=\"og:site_name\" content=\"Los Tarantos\" \/>\n<meta property=\"article:modified_time\" content=\"2025-09-16T10:35:22+00:00\" \/>\n<meta property=\"og:image\" content=\"https:\/\/jamboreejazz.com\/wp-content\/uploads\/sites\/2\/2023\/08\/vector-simple-stick-man-stickman-soporte-aislado-blanco-9834-3071.png\" \/>\n<meta name=\"twitter:card\" content=\"summary_large_image\" \/>\n<meta name=\"twitter:label1\" content=\"Tiempo de lectura\" \/>\n\t<meta name=\"twitter:data1\" content=\"2 minutos\" \/>\n<script type=\"application\/ld+json\" class=\"yoast-schema-graph\">{\"@context\":\"https:\/\/schema.org\",\"@graph\":[{\"@type\":\"WebPage\",\"@id\":\"https:\/\/tarantosbarcelona.com\/es\/alquiler-de-sala\/\",\"url\":\"https:\/\/tarantosbarcelona.com\/es\/alquiler-de-sala\/\",\"name\":\"Alquiler de sala - Los Tarantos\",\"isPartOf\":{\"@id\":\"https:\/\/tarantosbarcelona.com\/es\/#website\"},\"primaryImageOfPage\":{\"@id\":\"https:\/\/tarantosbarcelona.com\/es\/alquiler-de-sala\/#primaryimage\"},\"image\":{\"@id\":\"https:\/\/tarantosbarcelona.com\/es\/alquiler-de-sala\/#primaryimage\"},\"thumbnailUrl\":\"https:\/\/jamboreejazz.com\/wp-content\/uploads\/sites\/2\/2023\/08\/vector-simple-stick-man-stickman-soporte-aislado-blanco-9834-3071.png\",\"datePublished\":\"2019-08-26T07:37:56+00:00\",\"dateModified\":\"2025-09-16T10:35:22+00:00\",\"description\":\"ALQUILER DE SALA Y EVENTOS PRIVADOS \u00a1Alquila la sala para eventos privados o conciertos! LOS TARANTOS \u00a0 220\u00a0 \u00a0 \u00a0 \u00a0 \u00a0 \u00a0 \u00a0 \u00a0 \u00a0 \u00a0 \u00a0 \u00a0 \u00a0 \u00a0 \u00a0 \u00a0 \u00a0 \u00a0 \u00a0120\u00a0 \u00a0 \u00a0 \u00a0\",\"breadcrumb\":{\"@id\":\"https:\/\/tarantosbarcelona.com\/es\/alquiler-de-sala\/#breadcrumb\"},\"inLanguage\":\"es\",\"potentialAction\":[{\"@type\":\"ReadAction\",\"target\":[\"https:\/\/tarantosbarcelona.com\/es\/alquiler-de-sala\/\"]}]},{\"@type\":\"ImageObject\",\"inLanguage\":\"es\",\"@id\":\"https:\/\/tarantosbarcelona.com\/es\/alquiler-de-sala\/#primaryimage\",\"url\":\"https:\/\/jamboreejazz.com\/wp-content\/uploads\/sites\/2\/2023\/08\/vector-simple-stick-man-stickman-soporte-aislado-blanco-9834-3071.png\",\"contentUrl\":\"https:\/\/jamboreejazz.com\/wp-content\/uploads\/sites\/2\/2023\/08\/vector-simple-stick-man-stickman-soporte-aislado-blanco-9834-3071.png\"},{\"@type\":\"BreadcrumbList\",\"@id\":\"https:\/\/tarantosbarcelona.com\/es\/alquiler-de-sala\/#breadcrumb\",\"itemListElement\":[{\"@type\":\"ListItem\",\"position\":1,\"name\":\"Portada\",\"item\":\"https:\/\/tarantosbarcelona.com\/es\/\"},{\"@type\":\"ListItem\",\"position\":2,\"name\":\"Alquiler de sala\"}]},{\"@type\":\"WebSite\",\"@id\":\"https:\/\/tarantosbarcelona.com\/es\/#website\",\"url\":\"https:\/\/tarantosbarcelona.com\/es\/\",\"name\":\"Los Tarantos\",\"description\":\"Grup Mas i Mas\",\"publisher\":{\"@id\":\"https:\/\/tarantosbarcelona.com\/es\/#organization\"},\"potentialAction\":[{\"@type\":\"SearchAction\",\"target\":{\"@type\":\"EntryPoint\",\"urlTemplate\":\"https:\/\/tarantosbarcelona.com\/es\/?s={search_term_string}\"},\"query-input\":{\"@type\":\"PropertyValueSpecification\",\"valueRequired\":true,\"valueName\":\"search_term_string\"}}],\"inLanguage\":\"es\"},{\"@type\":\"Organization\",\"@id\":\"https:\/\/tarantosbarcelona.com\/es\/#organization\",\"name\":\"Tarantos Barcelona\",\"url\":\"https:\/\/tarantosbarcelona.com\/es\/\",\"logo\":{\"@type\":\"ImageObject\",\"inLanguage\":\"es\",\"@id\":\"https:\/\/tarantosbarcelona.com\/es\/#\/schema\/logo\/image\/\",\"url\":\"https:\/\/tarantosbarcelona.com\/wp-content\/uploads\/sites\/3\/2019\/08\/logo-tarantos-pos-23x-1-1.png\",\"contentUrl\":\"https:\/\/tarantosbarcelona.com\/wp-content\/uploads\/sites\/3\/2019\/08\/logo-tarantos-pos-23x-1-1.png\",\"width\":291,\"height\":89,\"caption\":\"Tarantos Barcelona\"},\"image\":{\"@id\":\"https:\/\/tarantosbarcelona.com\/es\/#\/schema\/logo\/image\/\"}}]}<\/script>\n<!-- \/ Yoast SEO plugin. -->","yoast_head_json":{"title":"Alquiler de sala - Los Tarantos","description":"ALQUILER DE SALA Y EVENTOS PRIVADOS \u00a1Alquila la sala para eventos privados o conciertos! LOS TARANTOS \u00a0 220\u00a0 \u00a0 \u00a0 \u00a0 \u00a0 \u00a0 \u00a0 \u00a0 \u00a0 \u00a0 \u00a0 \u00a0 \u00a0 \u00a0 \u00a0 \u00a0 \u00a0 \u00a0 \u00a0120\u00a0 \u00a0 \u00a0 \u00a0","robots":{"index":"index","follow":"follow","max-snippet":"max-snippet:-1","max-image-preview":"max-image-preview:large","max-video-preview":"max-video-preview:-1"},"canonical":"https:\/\/tarantosbarcelona.com\/es\/alquiler-de-sala\/","og_locale":"es_ES","og_type":"article","og_title":"Alquiler de sala - Los Tarantos","og_description":"ALQUILER DE SALA Y EVENTOS PRIVADOS \u00a1Alquila la sala para eventos privados o conciertos! LOS TARANTOS \u00a0 220\u00a0 \u00a0 \u00a0 \u00a0 \u00a0 \u00a0 \u00a0 \u00a0 \u00a0 \u00a0 \u00a0 \u00a0 \u00a0 \u00a0 \u00a0 \u00a0 \u00a0 \u00a0 \u00a0120\u00a0 \u00a0 \u00a0 \u00a0","og_url":"https:\/\/tarantosbarcelona.com\/es\/alquiler-de-sala\/","og_site_name":"Los Tarantos","article_modified_time":"2025-09-16T10:35:22+00:00","og_image":[{"url":"https:\/\/jamboreejazz.com\/wp-content\/uploads\/sites\/2\/2023\/08\/vector-simple-stick-man-stickman-soporte-aislado-blanco-9834-3071.png","type":"","width":"","height":""}],"twitter_card":"summary_large_image","twitter_misc":{"Tiempo de lectura":"2 minutos"},"schema":{"@context":"https:\/\/schema.org","@graph":[{"@type":"WebPage","@id":"https:\/\/tarantosbarcelona.com\/es\/alquiler-de-sala\/","url":"https:\/\/tarantosbarcelona.com\/es\/alquiler-de-sala\/","name":"Alquiler de sala - Los Tarantos","isPartOf":{"@id":"https:\/\/tarantosbarcelona.com\/es\/#website"},"primaryImageOfPage":{"@id":"https:\/\/tarantosbarcelona.com\/es\/alquiler-de-sala\/#primaryimage"},"image":{"@id":"https:\/\/tarantosbarcelona.com\/es\/alquiler-de-sala\/#primaryimage"},"thumbnailUrl":"https:\/\/jamboreejazz.com\/wp-content\/uploads\/sites\/2\/2023\/08\/vector-simple-stick-man-stickman-soporte-aislado-blanco-9834-3071.png","datePublished":"2019-08-26T07:37:56+00:00","dateModified":"2025-09-16T10:35:22+00:00","description":"ALQUILER DE SALA Y EVENTOS PRIVADOS \u00a1Alquila la sala para eventos privados o conciertos! LOS TARANTOS \u00a0 220\u00a0 \u00a0 \u00a0 \u00a0 \u00a0 \u00a0 \u00a0 \u00a0 \u00a0 \u00a0 \u00a0 \u00a0 \u00a0 \u00a0 \u00a0 \u00a0 \u00a0 \u00a0 \u00a0120\u00a0 \u00a0 \u00a0 \u00a0","breadcrumb":{"@id":"https:\/\/tarantosbarcelona.com\/es\/alquiler-de-sala\/#breadcrumb"},"inLanguage":"es","potentialAction":[{"@type":"ReadAction","target":["https:\/\/tarantosbarcelona.com\/es\/alquiler-de-sala\/"]}]},{"@type":"ImageObject","inLanguage":"es","@id":"https:\/\/tarantosbarcelona.com\/es\/alquiler-de-sala\/#primaryimage","url":"https:\/\/jamboreejazz.com\/wp-content\/uploads\/sites\/2\/2023\/08\/vector-simple-stick-man-stickman-soporte-aislado-blanco-9834-3071.png","contentUrl":"https:\/\/jamboreejazz.com\/wp-content\/uploads\/sites\/2\/2023\/08\/vector-simple-stick-man-stickman-soporte-aislado-blanco-9834-3071.png"},{"@type":"BreadcrumbList","@id":"https:\/\/tarantosbarcelona.com\/es\/alquiler-de-sala\/#breadcrumb","itemListElement":[{"@type":"ListItem","position":1,"name":"Portada","item":"https:\/\/tarantosbarcelona.com\/es\/"},{"@type":"ListItem","position":2,"name":"Alquiler de sala"}]},{"@type":"WebSite","@id":"https:\/\/tarantosbarcelona.com\/es\/#website","url":"https:\/\/tarantosbarcelona.com\/es\/","name":"Los Tarantos","description":"Grup Mas i Mas","publisher":{"@id":"https:\/\/tarantosbarcelona.com\/es\/#organization"},"potentialAction":[{"@type":"SearchAction","target":{"@type":"EntryPoint","urlTemplate":"https:\/\/tarantosbarcelona.com\/es\/?s={search_term_string}"},"query-input":{"@type":"PropertyValueSpecification","valueRequired":true,"valueName":"search_term_string"}}],"inLanguage":"es"},{"@type":"Organization","@id":"https:\/\/tarantosbarcelona.com\/es\/#organization","name":"Tarantos Barcelona","url":"https:\/\/tarantosbarcelona.com\/es\/","logo":{"@type":"ImageObject","inLanguage":"es","@id":"https:\/\/tarantosbarcelona.com\/es\/#\/schema\/logo\/image\/","url":"https:\/\/tarantosbarcelona.com\/wp-content\/uploads\/sites\/3\/2019\/08\/logo-tarantos-pos-23x-1-1.png","contentUrl":"https:\/\/tarantosbarcelona.com\/wp-content\/uploads\/sites\/3\/2019\/08\/logo-tarantos-pos-23x-1-1.png","width":291,"height":89,"caption":"Tarantos Barcelona"},"image":{"@id":"https:\/\/tarantosbarcelona.com\/es\/#\/schema\/logo\/image\/"}}]}},"_links":{"self":[{"href":"https:\/\/tarantosbarcelona.com\/es\/wp-json\/wp\/v2\/pages\/2421","targetHints":{"allow":["GET"]}}],"collection":[{"href":"https:\/\/tarantosbarcelona.com\/es\/wp-json\/wp\/v2\/pages"}],"about":[{"href":"https:\/\/tarantosbarcelona.com\/es\/wp-json\/wp\/v2\/types\/page"}],"author":[{"embeddable":true,"href":"https:\/\/tarantosbarcelona.com\/es\/wp-json\/wp\/v2\/users\/3"}],"replies":[{"embeddable":true,"href":"https:\/\/tarantosbarcelona.com\/es\/wp-json\/wp\/v2\/comments?post=2421"}],"version-history":[{"count":25,"href":"https:\/\/tarantosbarcelona.com\/es\/wp-json\/wp\/v2\/pages\/2421\/revisions"}],"predecessor-version":[{"id":14830,"href":"https:\/\/tarantosbarcelona.com\/es\/wp-json\/wp\/v2\/pages\/2421\/revisions\/14830"}],"wp:attachment":[{"href":"https:\/\/tarantosbarcelona.com\/es\/wp-json\/wp\/v2\/media?parent=2421"}],"curies":[{"name":"wp","href":"https:\/\/api.w.org\/{rel}","templated":true}]}}