{"id":7390,"date":"2021-10-14T16:26:09","date_gmt":"2021-10-14T14:26:09","guid":{"rendered":"https:\/\/tarantosbarcelona.com\/?page_id=7390"},"modified":"2025-09-16T12:36:08","modified_gmt":"2025-09-16T10:36:08","slug":"trabajoartistas","status":"publish","type":"page","link":"https:\/\/tarantosbarcelona.com\/es\/trabajoartistas\/","title":{"rendered":"Act\u00faa en Los Tarantos"},"content":{"rendered":"\t\t<div data-elementor-type=\"wp-post\" data-elementor-id=\"7390\" class=\"elementor elementor-7390\" data-elementor-post-type=\"page\">\n\t\t\t\t\t\t<section class=\"has_ae_slider elementor-section elementor-top-section elementor-element elementor-element-67187c05 elementor-section-full_width elementor-section-height-default elementor-section-height-default ae-bg-gallery-type-default\" data-id=\"67187c05\" data-element_type=\"section\" data-e-type=\"section\">\n\t\t\t\t\t\t<div class=\"elementor-container elementor-column-gap-default\">\n\t\t\t\t\t\t<\/div>\n\t\t<\/section>\n\t\t \n\n\t\t<script type=\"text\/javascript\">\n\t\t\tjQuery(document).ready(function() {\n\t\t\t\tjQuery(\".elementor-element-1cc53f1d[data-ae_slider=default]\").prepend('<div class=\"aepro-section-bs\"><div class=\"aepro-section-bs-inner cover-true\"><\/div><\/div>');\n\t\t\t\tjQuery(\".elementor-element-1cc53f1d[data-ae_slider=default]\").children('.aepro-section-bs').children('.aepro-section-bs-inner').attr('data-aepro-bg-slider', JSON.stringify( {\"slides\":[{\"src\":\"https:\\\/\\\/tarantosbarcelona.com\\\/wp-content\\\/uploads\\\/sites\\\/3\\\/2019\\\/10\\\/29-1.jpg\"}],\"transition\":\"fade2\",\"animation\":\"kenburns\",\"overlay\":\"https:\\\/\\\/tarantosbarcelona.com\\\/wp-content\\\/plugins\\\/anywhere-elementor-pro\\\/includes\\\/assets\\\/lib\\\/vegas\\\/overlays\\\/00.png\",\"custom_overlay\":\"\",\"cover\":\"true\",\"delay\":\"5000\",\"timer\":true}));\n\t\t\t});\n\t\t<\/script>\n\t\t\t\t<section class=\"has_ae_slider elementor-section elementor-top-section elementor-element elementor-element-1cc53f1d elementor-section-full_width elementor-section-height-default elementor-section-height-default ae-bg-gallery-type-default\" data-ae_slider=\"default\" data-id=\"1cc53f1d\" data-element_type=\"section\" data-e-type=\"section\">\n\t\t\t\t\t\t<div class=\"elementor-container elementor-column-gap-default\">\n\t\t\t\t\t<div class=\"has_ae_slider elementor-column elementor-col-100 elementor-top-column elementor-element elementor-element-6da06550 ae-bg-gallery-type-default\" data-id=\"6da06550\" data-element_type=\"column\" data-e-type=\"column\">\n\t\t\t<div class=\"elementor-widget-wrap elementor-element-populated\">\n\t\t\t\t\t\t<div class=\"elementor-element elementor-element-79b9e319 elementor-widget elementor-widget-ae-post-title\" data-id=\"79b9e319\" data-element_type=\"widget\" data-e-type=\"widget\" data-widget_type=\"ae-post-title.default\">\n\t\t\t\t<div class=\"elementor-widget-container\">\n\t\t\t\t\t<h2 itemprop=\"name\" class=\"ae-element-post-title\">Act\u00faa en Los Tarantos<\/h2>\t\t\t\t<\/div>\n\t\t\t\t<\/div>\n\t\t\t\t<div class=\"elementor-element elementor-element-417cca67 elementor-widget elementor-widget-text-editor\" data-id=\"417cca67\" data-element_type=\"widget\" data-e-type=\"widget\" data-widget_type=\"text-editor.default\">\n\t\t\t\t<div class=\"elementor-widget-container\">\n\t\t\t\t\t\t\t\t\t<p style=\"text-align: center;\"><span style=\"color: #ffffff;\">Si quieres actuar en Los Tarantos, d\u00e9janos toda la info y estudiaremos tu propuesta.<\/span><br \/><span style=\"color: #ffffff;\">\u00a1Estamos deseando verla!<\/span><\/p>\t\t\t\t\t\t\t\t<\/div>\n\t\t\t\t<\/div>\n\t\t\t\t\t<\/div>\n\t\t<\/div>\n\t\t\t\t\t<\/div>\n\t\t<\/section>\n\t\t\t\t<section class=\"has_ae_slider elementor-section elementor-top-section elementor-element elementor-element-1e500c8 elementor-section-boxed elementor-section-height-default elementor-section-height-default ae-bg-gallery-type-default\" data-id=\"1e500c8\" data-element_type=\"section\" data-e-type=\"section\" data-settings=\"{&quot;background_background&quot;:&quot;gradient&quot;}\">\n\t\t\t\t\t\t<div class=\"elementor-container elementor-column-gap-default\">\n\t\t\t\t\t<div class=\"has_ae_slider elementor-column elementor-col-100 elementor-top-column elementor-element elementor-element-2d1840f1 ae-bg-gallery-type-default\" data-id=\"2d1840f1\" data-element_type=\"column\" data-e-type=\"column\">\n\t\t\t<div class=\"elementor-widget-wrap elementor-element-populated\">\n\t\t\t\t\t\t<div class=\"elementor-element elementor-element-9dc2ad1 elementor-widget elementor-widget-spacer\" data-id=\"9dc2ad1\" data-element_type=\"widget\" data-e-type=\"widget\" data-widget_type=\"spacer.default\">\n\t\t\t\t<div class=\"elementor-widget-container\">\n\t\t\t\t\t\t\t<div class=\"elementor-spacer\">\n\t\t\t<div class=\"elementor-spacer-inner\"><\/div>\n\t\t<\/div>\n\t\t\t\t\t\t<\/div>\n\t\t\t\t<\/div>\n\t\t\t\t<div class=\"elementor-element elementor-element-46b77fde elementor-button-align-start elementor-widget elementor-widget-form\" data-id=\"46b77fde\" data-element_type=\"widget\" data-e-type=\"widget\" data-settings=\"{&quot;step_next_label&quot;:&quot;Next&quot;,&quot;step_previous_label&quot;:&quot;Previous&quot;,&quot;button_width&quot;:&quot;100&quot;,&quot;step_type&quot;:&quot;number_text&quot;,&quot;step_icon_shape&quot;:&quot;circle&quot;}\" data-widget_type=\"form.default\">\n\t\t\t\t<div class=\"elementor-widget-container\">\n\t\t\t\t\t\t\t<form class=\"elementor-form\" method=\"post\" name=\"Artistas\" aria-label=\"Artistas\">\n\t\t\t<input type=\"hidden\" name=\"post_id\" value=\"7390\"\/>\n\t\t\t<input type=\"hidden\" name=\"form_id\" value=\"46b77fde\"\/>\n\t\t\t<input type=\"hidden\" name=\"referer_title\" value=\"Los Tarantos\" \/>\n\n\t\t\t\n\t\t\t<div class=\"elementor-form-fields-wrapper elementor-labels-above\">\n\t\t\t\t\t\t\t\t<div class=\"elementor-field-type-select elementor-field-group elementor-column elementor-field-group-field_b59dbd0 elementor-col-100 elementor-field-required elementor-mark-required\">\n\t\t\t\t\t\t\t\t\t\t\t\t<label for=\"form-field-field_b59dbd0\" class=\"elementor-field-label\">\n\t\t\t\t\t\t\t\tSelecciona ciclo de actuaci\u00f3n\t\t\t\t\t\t\t<\/label>\n\t\t\t\t\t\t\t\t<div class=\"elementor-field elementor-select-wrapper remove-before \">\n\t\t\t<div class=\"select-caret-down-wrapper\">\n\t\t\t\t<i aria-hidden=\"true\" class=\"eicon-caret-down\"><\/i>\t\t\t<\/div>\n\t\t\t<select name=\"form_fields[field_b59dbd0]\" id=\"form-field-field_b59dbd0\" class=\"elementor-field-textual elementor-size-xs\" required=\"required\">\n\t\t\t\t\t\t\t\t\t<option value=\"Tablao \">Tablao <\/option>\n\t\t\t\t\t\t\t\t\t<option value=\"Late-Flamenco \">Late-Flamenco <\/option>\n\t\t\t\t\t\t\t<\/select>\n\t\t<\/div>\n\t\t\t\t\t\t<\/div>\n\t\t\t\t\t\t\t\t<div class=\"elementor-field-type-text elementor-field-group elementor-column elementor-field-group-field_38bef85 elementor-col-50 elementor-field-required elementor-mark-required\">\n\t\t\t\t\t\t\t\t\t\t\t\t<label for=\"form-field-field_38bef85\" class=\"elementor-field-label\">\n\t\t\t\t\t\t\t\tNombre art\u00edstico\t\t\t\t\t\t\t<\/label>\n\t\t\t\t\t\t\t\t\t\t\t\t\t\t<input size=\"1\" type=\"text\" name=\"form_fields[field_38bef85]\" id=\"form-field-field_38bef85\" class=\"elementor-field elementor-size-xs  elementor-field-textual\" placeholder=\"Nombre del grupo\/formaci\u00f3n\" required=\"required\">\n\t\t\t\t\t\t\t\t\t\t\t<\/div>\n\t\t\t\t\t\t\t\t<div class=\"elementor-field-type-text elementor-field-group elementor-column elementor-field-group-name elementor-col-50 elementor-field-required elementor-mark-required\">\n\t\t\t\t\t\t\t\t\t\t\t\t<label for=\"form-field-name\" class=\"elementor-field-label\">\n\t\t\t\t\t\t\t\tNombre de los componentes + instrumentos  o disciplina art\u00edstica \t\t\t\t\t\t\t<\/label>\n\t\t\t\t\t\t\t\t\t\t\t\t\t\t<input size=\"1\" type=\"text\" name=\"form_fields[name]\" id=\"form-field-name\" class=\"elementor-field elementor-size-xs  elementor-field-textual\" placeholder=\"(ej: Pablo Perez, guitarra) o (ej: Pablo Perez, baile)\" required=\"required\">\n\t\t\t\t\t\t\t\t\t\t\t<\/div>\n\t\t\t\t\t\t\t\t<div class=\"elementor-field-type-email elementor-field-group elementor-column elementor-field-group-email elementor-col-50 elementor-field-required elementor-mark-required\">\n\t\t\t\t\t\t\t\t\t\t\t\t<label for=\"form-field-email\" class=\"elementor-field-label\">\n\t\t\t\t\t\t\t\tCorreo electr\u00f3nico\t\t\t\t\t\t\t<\/label>\n\t\t\t\t\t\t\t\t\t\t\t\t\t\t<input size=\"1\" type=\"email\" name=\"form_fields[email]\" id=\"form-field-email\" class=\"elementor-field elementor-size-xs  elementor-field-textual\" placeholder=\"Correo electr\u00f3nico\" required=\"required\">\n\t\t\t\t\t\t\t\t\t\t\t<\/div>\n\t\t\t\t\t\t\t\t<div class=\"elementor-field-type-number elementor-field-group elementor-column elementor-field-group-tel elementor-col-50 elementor-field-required elementor-mark-required\">\n\t\t\t\t\t\t\t\t\t\t\t\t<label for=\"form-field-tel\" class=\"elementor-field-label\">\n\t\t\t\t\t\t\t\tTel\u00e9fono\t\t\t\t\t\t\t<\/label>\n\t\t\t\t\t\t\t\t\t<input type=\"number\" name=\"form_fields[tel]\" id=\"form-field-tel\" class=\"elementor-field elementor-size-xs  elementor-field-textual\" placeholder=\"M\u00f3vil o fijo\" required=\"required\" min=\"\" max=\"\" >\n\t\t\t\t\t\t<\/div>\n\t\t\t\t\t\t\t\t<div class=\"elementor-field-type-text elementor-field-group elementor-column elementor-field-group-message elementor-col-100 elementor-field-required elementor-mark-required\">\n\t\t\t\t\t\t\t\t\t\t\t\t<label for=\"form-field-message\" class=\"elementor-field-label\">\n\t\t\t\t\t\t\t\tRedes Sociales\t\t\t\t\t\t\t<\/label>\n\t\t\t\t\t\t\t\t\t\t\t\t\t\t<input size=\"1\" type=\"text\" name=\"form_fields[message]\" id=\"form-field-message\" class=\"elementor-field elementor-size-xs  elementor-field-textual\" placeholder=\"Instagram, Facebook, Youtube...\" required=\"required\">\n\t\t\t\t\t\t\t\t\t\t\t<\/div>\n\t\t\t\t\t\t\t\t<div class=\"elementor-field-type-text elementor-field-group elementor-column elementor-field-group-field_a49bc76 elementor-col-100\">\n\t\t\t\t\t\t\t\t\t\t\t\t<label for=\"form-field-field_a49bc76\" class=\"elementor-field-label\">\n\t\t\t\t\t\t\t\tWeb\t\t\t\t\t\t\t<\/label>\n\t\t\t\t\t\t\t\t\t\t\t\t\t\t<input size=\"1\" type=\"text\" name=\"form_fields[field_a49bc76]\" id=\"form-field-field_a49bc76\" class=\"elementor-field elementor-size-xs  elementor-field-textual\" placeholder=\"Link Web\">\n\t\t\t\t\t\t\t\t\t\t\t<\/div>\n\t\t\t\t\t\t\t\t<div class=\"elementor-field-type-text elementor-field-group elementor-column elementor-field-group-field_de92d65 elementor-col-50 elementor-field-required elementor-mark-required\">\n\t\t\t\t\t\t\t\t\t\t\t\t<label for=\"form-field-field_de92d65\" class=\"elementor-field-label\">\n\t\t\t\t\t\t\t\tMaterial Art\u00edstico\t\t\t\t\t\t\t<\/label>\n\t\t\t\t\t\t\t\t\t\t\t\t\t\t<input size=\"1\" type=\"text\" name=\"form_fields[field_de92d65]\" id=\"form-field-field_de92d65\" class=\"elementor-field elementor-size-xs  elementor-field-textual\" placeholder=\"Link Fotos\" required=\"required\">\n\t\t\t\t\t\t\t\t\t\t\t<\/div>\n\t\t\t\t\t\t\t\t<div class=\"elementor-field-type-text elementor-field-group elementor-column elementor-field-group-field_1cd31ac elementor-col-50 elementor-field-required elementor-mark-required\">\n\t\t\t\t\t\t\t\t\t\t\t\t<label for=\"form-field-field_1cd31ac\" class=\"elementor-field-label\">\n\t\t\t\t\t\t\t\tMaterial Art\u00edstico\t\t\t\t\t\t\t<\/label>\n\t\t\t\t\t\t\t\t\t\t\t\t\t\t<input size=\"1\" type=\"text\" name=\"form_fields[field_1cd31ac]\" id=\"form-field-field_1cd31ac\" class=\"elementor-field elementor-size-xs  elementor-field-textual\" placeholder=\"Link V\u00eddeos\" required=\"required\">\n\t\t\t\t\t\t\t\t\t\t\t<\/div>\n\t\t\t\t\t\t\t\t<div class=\"elementor-field-type-text elementor-field-group elementor-column elementor-field-group-field_bd6e7ec elementor-col-100\">\n\t\t\t\t\t\t\t\t\t\t\t\t<label for=\"form-field-field_bd6e7ec\" class=\"elementor-field-label\">\n\t\t\t\t\t\t\t\tOtros\t\t\t\t\t\t\t<\/label>\n\t\t\t\t\t\t\t\t\t\t\t\t\t\t<input size=\"1\" type=\"text\" name=\"form_fields[field_bd6e7ec]\" id=\"form-field-field_bd6e7ec\" class=\"elementor-field elementor-size-xs  elementor-field-textual\" placeholder=\"Links de inter\u00e9s\">\n\t\t\t\t\t\t\t\t\t\t\t<\/div>\n\t\t\t\t\t\t\t\t<div class=\"elementor-field-type-textarea elementor-field-group elementor-column elementor-field-group-field_ca2c26d elementor-col-100 elementor-field-required elementor-mark-required\">\n\t\t\t\t\t\t\t\t\t\t\t\t<label for=\"form-field-field_ca2c26d\" class=\"elementor-field-label\">\n\t\t\t\t\t\t\t\tDescripci\u00f3n\t\t\t\t\t\t\t<\/label>\n\t\t\t\t\t\t<textarea class=\"elementor-field-textual elementor-field  elementor-size-xs\" name=\"form_fields[field_ca2c26d]\" id=\"form-field-field_ca2c26d\" rows=\"6\" placeholder=\"Anadir informaci\u00f3n completa del grupo\" required=\"required\"><\/textarea>\t\t\t\t<\/div>\n\t\t\t\t\t\t\t\t<div class=\"elementor-field-group elementor-column elementor-field-type-submit elementor-col-100 e-form__buttons\">\n\t\t\t\t\t<button class=\"elementor-button elementor-size-xs elementor-animation-grow\" type=\"submit\">\n\t\t\t\t\t\t<span class=\"elementor-button-content-wrapper\">\n\t\t\t\t\t\t\t\t\t\t\t\t\t\t\t<span class=\"elementor-button-icon\">\n\t\t\t\t\t\t\t\t\t<i aria-hidden=\"true\" class=\"fas fa-envelope-open\"><\/i>\t\t\t\t\t\t\t\t\t\t\t\t\t\t\t\t\t<\/span>\n\t\t\t\t\t\t\t\t\t\t\t\t\t\t\t\t\t\t\t\t\t\t<span class=\"elementor-button-text\">Enviar          <\/span>\n\t\t\t\t\t\t\t\t\t\t\t\t\t<\/span>\n\t\t\t\t\t<\/button>\n\t\t\t\t<\/div>\n\t\t\t<\/div>\n\t\t<input\n                    class=\"apbct_special_field apbct_email_id__elementor_form\"\n                    name=\"apbct__email_id__elementor_form\"\n                    aria-label=\"apbct__label_id__elementor_form\"\n                    type=\"text\" size=\"30\" maxlength=\"200\" autocomplete=\"off\"\n                    value=\"\"\n                \/><\/form>\n\t\t\t\t\t\t<\/div>\n\t\t\t\t<\/div>\n\t\t\t\t<div class=\"elementor-element elementor-element-36f9e49 elementor-widget elementor-widget-spacer\" data-id=\"36f9e49\" data-element_type=\"widget\" data-e-type=\"widget\" data-widget_type=\"spacer.default\">\n\t\t\t\t<div class=\"elementor-widget-container\">\n\t\t\t\t\t\t\t<div class=\"elementor-spacer\">\n\t\t\t<div class=\"elementor-spacer-inner\"><\/div>\n\t\t<\/div>\n\t\t\t\t\t\t<\/div>\n\t\t\t\t<\/div>\n\t\t\t\t\t<\/div>\n\t\t<\/div>\n\t\t\t\t\t<\/div>\n\t\t<\/section>\n\t\t\t\t<\/div>\n\t\t","protected":false},"excerpt":{"rendered":"<p>Act\u00faa en Los Tarantos Si quieres actuar en Los Tarantos, d\u00e9janos toda la info y estudiaremos tu propuesta.\u00a1Estamos deseando verla!<\/p>\n","protected":false},"author":4,"featured_media":0,"parent":0,"menu_order":0,"comment_status":"closed","ping_status":"closed","template":"","meta":{"_acf_changed":false,"inline_featured_image":false,"footnotes":""},"class_list":["post-7390","page","type-page","status-publish","hentry"],"acf":[],"yoast_head":"<!-- This site is optimized with the Yoast SEO plugin v27.2 - https:\/\/yoast.com\/product\/yoast-seo-wordpress\/ -->\n<title>Act\u00faa en Los Tarantos - Los Tarantos<\/title>\n<meta name=\"description\" content=\"Act\u00faa en Los Tarantos   Si quieres actuar en Los Tarantos, d\u00e9janos toda la info y estudiaremos tu propuesta.\u00a1Estamos deseando verla!\" \/>\n<meta name=\"robots\" content=\"index, follow, max-snippet:-1, max-image-preview:large, max-video-preview:-1\" \/>\n<link rel=\"canonical\" href=\"https:\/\/tarantosbarcelona.com\/es\/trabajoartistas\/\" \/>\n<meta property=\"og:locale\" content=\"es_ES\" \/>\n<meta property=\"og:type\" content=\"article\" \/>\n<meta property=\"og:title\" content=\"Act\u00faa en Los Tarantos - Los Tarantos\" \/>\n<meta property=\"og:description\" content=\"Act\u00faa en Los Tarantos   Si quieres actuar en Los Tarantos, d\u00e9janos toda la info y estudiaremos tu propuesta.\u00a1Estamos deseando verla!\" \/>\n<meta property=\"og:url\" content=\"https:\/\/tarantosbarcelona.com\/es\/trabajoartistas\/\" \/>\n<meta property=\"og:site_name\" content=\"Los Tarantos\" \/>\n<meta property=\"article:modified_time\" content=\"2025-09-16T10:36:08+00:00\" \/>\n<meta name=\"twitter:card\" content=\"summary_large_image\" \/>\n<meta name=\"twitter:label1\" content=\"Tiempo de lectura\" \/>\n\t<meta name=\"twitter:data1\" content=\"1 minuto\" \/>\n<script type=\"application\/ld+json\" class=\"yoast-schema-graph\">{\"@context\":\"https:\/\/schema.org\",\"@graph\":[{\"@type\":\"WebPage\",\"@id\":\"https:\/\/tarantosbarcelona.com\/es\/trabajoartistas\/\",\"url\":\"https:\/\/tarantosbarcelona.com\/es\/trabajoartistas\/\",\"name\":\"Act\u00faa en Los Tarantos - Los Tarantos\",\"isPartOf\":{\"@id\":\"https:\/\/tarantosbarcelona.com\/es\/#website\"},\"datePublished\":\"2021-10-14T14:26:09+00:00\",\"dateModified\":\"2025-09-16T10:36:08+00:00\",\"description\":\"Act\u00faa en Los Tarantos Si quieres actuar en Los Tarantos, d\u00e9janos toda la info y estudiaremos tu propuesta.\u00a1Estamos deseando verla!\",\"breadcrumb\":{\"@id\":\"https:\/\/tarantosbarcelona.com\/es\/trabajoartistas\/#breadcrumb\"},\"inLanguage\":\"es\",\"potentialAction\":[{\"@type\":\"ReadAction\",\"target\":[\"https:\/\/tarantosbarcelona.com\/es\/trabajoartistas\/\"]}]},{\"@type\":\"BreadcrumbList\",\"@id\":\"https:\/\/tarantosbarcelona.com\/es\/trabajoartistas\/#breadcrumb\",\"itemListElement\":[{\"@type\":\"ListItem\",\"position\":1,\"name\":\"Portada\",\"item\":\"https:\/\/tarantosbarcelona.com\/es\/\"},{\"@type\":\"ListItem\",\"position\":2,\"name\":\"Act\u00faa en Los Tarantos\"}]},{\"@type\":\"WebSite\",\"@id\":\"https:\/\/tarantosbarcelona.com\/es\/#website\",\"url\":\"https:\/\/tarantosbarcelona.com\/es\/\",\"name\":\"Los Tarantos\",\"description\":\"Grup Mas i Mas\",\"publisher\":{\"@id\":\"https:\/\/tarantosbarcelona.com\/es\/#organization\"},\"potentialAction\":[{\"@type\":\"SearchAction\",\"target\":{\"@type\":\"EntryPoint\",\"urlTemplate\":\"https:\/\/tarantosbarcelona.com\/es\/?s={search_term_string}\"},\"query-input\":{\"@type\":\"PropertyValueSpecification\",\"valueRequired\":true,\"valueName\":\"search_term_string\"}}],\"inLanguage\":\"es\"},{\"@type\":\"Organization\",\"@id\":\"https:\/\/tarantosbarcelona.com\/es\/#organization\",\"name\":\"Tarantos Barcelona\",\"url\":\"https:\/\/tarantosbarcelona.com\/es\/\",\"logo\":{\"@type\":\"ImageObject\",\"inLanguage\":\"es\",\"@id\":\"https:\/\/tarantosbarcelona.com\/es\/#\/schema\/logo\/image\/\",\"url\":\"https:\/\/tarantosbarcelona.com\/wp-content\/uploads\/sites\/3\/2019\/08\/logo-tarantos-pos-23x-1-1.png\",\"contentUrl\":\"https:\/\/tarantosbarcelona.com\/wp-content\/uploads\/sites\/3\/2019\/08\/logo-tarantos-pos-23x-1-1.png\",\"width\":291,\"height\":89,\"caption\":\"Tarantos Barcelona\"},\"image\":{\"@id\":\"https:\/\/tarantosbarcelona.com\/es\/#\/schema\/logo\/image\/\"}}]}<\/script>\n<!-- \/ Yoast SEO plugin. -->","yoast_head_json":{"title":"Act\u00faa en Los Tarantos - Los Tarantos","description":"Act\u00faa en Los Tarantos   Si quieres actuar en Los Tarantos, d\u00e9janos toda la info y estudiaremos tu propuesta.\u00a1Estamos deseando verla!","robots":{"index":"index","follow":"follow","max-snippet":"max-snippet:-1","max-image-preview":"max-image-preview:large","max-video-preview":"max-video-preview:-1"},"canonical":"https:\/\/tarantosbarcelona.com\/es\/trabajoartistas\/","og_locale":"es_ES","og_type":"article","og_title":"Act\u00faa en Los Tarantos - Los Tarantos","og_description":"Act\u00faa en Los Tarantos   Si quieres actuar en Los Tarantos, d\u00e9janos toda la info y estudiaremos tu propuesta.\u00a1Estamos deseando verla!","og_url":"https:\/\/tarantosbarcelona.com\/es\/trabajoartistas\/","og_site_name":"Los Tarantos","article_modified_time":"2025-09-16T10:36:08+00:00","twitter_card":"summary_large_image","twitter_misc":{"Tiempo de lectura":"1 minuto"},"schema":{"@context":"https:\/\/schema.org","@graph":[{"@type":"WebPage","@id":"https:\/\/tarantosbarcelona.com\/es\/trabajoartistas\/","url":"https:\/\/tarantosbarcelona.com\/es\/trabajoartistas\/","name":"Act\u00faa en Los Tarantos - Los Tarantos","isPartOf":{"@id":"https:\/\/tarantosbarcelona.com\/es\/#website"},"datePublished":"2021-10-14T14:26:09+00:00","dateModified":"2025-09-16T10:36:08+00:00","description":"Act\u00faa en Los Tarantos Si quieres actuar en Los Tarantos, d\u00e9janos toda la info y estudiaremos tu propuesta.\u00a1Estamos deseando verla!","breadcrumb":{"@id":"https:\/\/tarantosbarcelona.com\/es\/trabajoartistas\/#breadcrumb"},"inLanguage":"es","potentialAction":[{"@type":"ReadAction","target":["https:\/\/tarantosbarcelona.com\/es\/trabajoartistas\/"]}]},{"@type":"BreadcrumbList","@id":"https:\/\/tarantosbarcelona.com\/es\/trabajoartistas\/#breadcrumb","itemListElement":[{"@type":"ListItem","position":1,"name":"Portada","item":"https:\/\/tarantosbarcelona.com\/es\/"},{"@type":"ListItem","position":2,"name":"Act\u00faa en Los Tarantos"}]},{"@type":"WebSite","@id":"https:\/\/tarantosbarcelona.com\/es\/#website","url":"https:\/\/tarantosbarcelona.com\/es\/","name":"Los Tarantos","description":"Grup Mas i Mas","publisher":{"@id":"https:\/\/tarantosbarcelona.com\/es\/#organization"},"potentialAction":[{"@type":"SearchAction","target":{"@type":"EntryPoint","urlTemplate":"https:\/\/tarantosbarcelona.com\/es\/?s={search_term_string}"},"query-input":{"@type":"PropertyValueSpecification","valueRequired":true,"valueName":"search_term_string"}}],"inLanguage":"es"},{"@type":"Organization","@id":"https:\/\/tarantosbarcelona.com\/es\/#organization","name":"Tarantos Barcelona","url":"https:\/\/tarantosbarcelona.com\/es\/","logo":{"@type":"ImageObject","inLanguage":"es","@id":"https:\/\/tarantosbarcelona.com\/es\/#\/schema\/logo\/image\/","url":"https:\/\/tarantosbarcelona.com\/wp-content\/uploads\/sites\/3\/2019\/08\/logo-tarantos-pos-23x-1-1.png","contentUrl":"https:\/\/tarantosbarcelona.com\/wp-content\/uploads\/sites\/3\/2019\/08\/logo-tarantos-pos-23x-1-1.png","width":291,"height":89,"caption":"Tarantos Barcelona"},"image":{"@id":"https:\/\/tarantosbarcelona.com\/es\/#\/schema\/logo\/image\/"}}]}},"_links":{"self":[{"href":"https:\/\/tarantosbarcelona.com\/es\/wp-json\/wp\/v2\/pages\/7390","targetHints":{"allow":["GET"]}}],"collection":[{"href":"https:\/\/tarantosbarcelona.com\/es\/wp-json\/wp\/v2\/pages"}],"about":[{"href":"https:\/\/tarantosbarcelona.com\/es\/wp-json\/wp\/v2\/types\/page"}],"author":[{"embeddable":true,"href":"https:\/\/tarantosbarcelona.com\/es\/wp-json\/wp\/v2\/users\/4"}],"replies":[{"embeddable":true,"href":"https:\/\/tarantosbarcelona.com\/es\/wp-json\/wp\/v2\/comments?post=7390"}],"version-history":[{"count":25,"href":"https:\/\/tarantosbarcelona.com\/es\/wp-json\/wp\/v2\/pages\/7390\/revisions"}],"predecessor-version":[{"id":14836,"href":"https:\/\/tarantosbarcelona.com\/es\/wp-json\/wp\/v2\/pages\/7390\/revisions\/14836"}],"wp:attachment":[{"href":"https:\/\/tarantosbarcelona.com\/es\/wp-json\/wp\/v2\/media?parent=7390"}],"curies":[{"name":"wp","href":"https:\/\/api.w.org\/{rel}","templated":true}]}}